{"id":24,"date":"2017-02-03T13:49:17","date_gmt":"2017-02-03T12:49:17","guid":{"rendered":"http:\/\/auto-rallye.ch\/wp\/?page_id=24"},"modified":"2017-02-20T08:46:12","modified_gmt":"2017-02-20T07:46:12","slug":"carrosserie","status":"publish","type":"page","link":"https:\/\/auto-rallye.ch\/wp\/carrosserie\/","title":{"rendered":"Carrosserie"},"content":{"rendered":"<p>D\u00e8s l&rsquo;arriv\u00e9e de votre v\u00e9hicule dans nos ateliers, nous prenons en charge les d\u00e9marches aupr\u00e8s de votre compagnie d&rsquo;assurance et nous organiserons les r\u00e9parations.<\/p>\n<p>Nous nous sommes entour\u00e9s des meilleures sp\u00e9cialistes pour vous garantir une qualit\u00e9 de r\u00e9paration exceptionnelle.<\/p>\n<p>Les produits que nous utilisons correspondent aux plus hautes exigences des usines automobiles actuelles.<\/p>\n<p>C&rsquo;est avec plaisir que nous vous accueillerons d\u00e8s \u00e0 pr\u00e9sent dans nos ateliers.<\/p>\n","protected":false},"excerpt":{"rendered":"<p>D\u00e8s l&rsquo;arriv\u00e9e de votre v\u00e9hicule dans nos ateliers, nous prenons en charge les d\u00e9marches aupr\u00e8s de votre compagnie d&rsquo;assurance et nous organiserons les r\u00e9parations. Nous nous sommes entour\u00e9s des meilleures sp\u00e9cialistes pour vous garantir une qualit\u00e9 de r\u00e9paration exceptionnelle. Les produits que nous utilisons correspondent aux plus hautes exigences des\u2026<\/p>\n<p class=\"continue-reading-button\"> <a class=\"continue-reading-link\" href=\"https:\/\/auto-rallye.ch\/wp\/carrosserie\/\">Continue reading<i class=\"crycon-right-dir\"><\/i><\/a><\/p>\n","protected":false},"author":1,"featured_media":0,"parent":0,"menu_order":0,"comment_status":"closed","ping_status":"closed","template":"","meta":{"_et_pb_use_builder":"","_et_pb_old_content":"","_et_gb_content_width":"","footnotes":""},"class_list":["post-24","page","type-page","status-publish","hentry"],"jetpack_sharing_enabled":true,"_links":{"self":[{"href":"https:\/\/auto-rallye.ch\/wp\/wp-json\/wp\/v2\/pages\/24","targetHints":{"allow":["GET"]}}],"collection":[{"href":"https:\/\/auto-rallye.ch\/wp\/wp-json\/wp\/v2\/pages"}],"about":[{"href":"https:\/\/auto-rallye.ch\/wp\/wp-json\/wp\/v2\/types\/page"}],"author":[{"embeddable":true,"href":"https:\/\/auto-rallye.ch\/wp\/wp-json\/wp\/v2\/users\/1"}],"replies":[{"embeddable":true,"href":"https:\/\/auto-rallye.ch\/wp\/wp-json\/wp\/v2\/comments?post=24"}],"version-history":[{"count":3,"href":"https:\/\/auto-rallye.ch\/wp\/wp-json\/wp\/v2\/pages\/24\/revisions"}],"predecessor-version":[{"id":178,"href":"https:\/\/auto-rallye.ch\/wp\/wp-json\/wp\/v2\/pages\/24\/revisions\/178"}],"wp:attachment":[{"href":"https:\/\/auto-rallye.ch\/wp\/wp-json\/wp\/v2\/media?parent=24"}],"curies":[{"name":"wp","href":"https:\/\/api.w.org\/{rel}","templated":true}]}}